{"id":966,"date":"2018-07-19T20:45:08","date_gmt":"2018-07-19T18:45:08","guid":{"rendered":"https:\/\/www.cerona.de\/?page_id=966"},"modified":"2023-10-25T10:23:13","modified_gmt":"2023-10-25T08:23:13","slug":"contact","status":"publish","type":"page","link":"https:\/\/www.cerona.de\/en\/contact\/","title":{"rendered":"Contact"},"content":{"rendered":"<div  class='avia-slideshow av-2w2hk4-15ec02975edd2b7bdfe4698eeda9b2f6 avia-slideshow-featured av_slideshow avia-slide-slider  avia-builder-el-0  el_before_av_three_fifth  avia-builder-el-first  av-slideshow-ui av-control-default av-slideshow-manual av-loop-once av-loop-manual-endless av-default-height-applied avia-slideshow-1' data-slideshow-options=\"{&quot;animation&quot;:&quot;slide&quot;,&quot;autoplay&quot;:false,&quot;loop_autoplay&quot;:&quot;once&quot;,&quot;interval&quot;:5,&quot;loop_manual&quot;:&quot;manual-endless&quot;,&quot;autoplay_stopper&quot;:false,&quot;noNavigation&quot;:false,&quot;bg_slider&quot;:false,&quot;keep_padding&quot;:false,&quot;hoverpause&quot;:false,&quot;show_slide_delay&quot;:0}\"  itemprop=\"image\" itemscope=\"itemscope\" itemtype=\"https:\/\/schema.org\/ImageObject\" ><ul class='avia-slideshow-inner ' style='padding-bottom: 30.1%;'><li  class='avia-slideshow-slide av-2w2hk4-15ec02975edd2b7bdfe4698eeda9b2f6__0  av-single-slide slide-1 slide-odd'><div data-rel='slideshow-1' class='avia-slide-wrap '   ><img decoding=\"async\" fetchpriority=\"high\" class=\"wp-image-920 avia-img-lazy-loading-not-920\"  src=\"https:\/\/www.cerona.de\/wp-content\/uploads\/2018\/06\/cerona_building_1000x300.jpg\" width=\"1000\" height=\"301\" title='cerona_building_1000x300' alt=''  itemprop=\"thumbnailUrl\" srcset=\"https:\/\/www.cerona.de\/wp-content\/uploads\/2018\/06\/cerona_building_1000x300.jpg 1000w, https:\/\/www.cerona.de\/wp-content\/uploads\/2018\/06\/cerona_building_1000x300-600x181.jpg 600w, https:\/\/www.cerona.de\/wp-content\/uploads\/2018\/06\/cerona_building_1000x300-768x231.jpg 768w, https:\/\/www.cerona.de\/wp-content\/uploads\/2018\/06\/cerona_building_1000x300-705x212.jpg 705w, https:\/\/www.cerona.de\/wp-content\/uploads\/2018\/06\/cerona_building_1000x300-450x135.jpg 450w\" sizes=\"(max-width: 1000px) 100vw, 1000px\" \/><\/div><\/li><\/ul><\/div>\n\n<style type=\"text\/css\" data-created_by=\"avia_inline_auto\" id=\"style-css-av-1u91zg-edf8fead881e015b66830d73a87047c7\">\n.flex_column.av-1u91zg-edf8fead881e015b66830d73a87047c7{\nborder-radius:0px 0px 0px 0px;\npadding:20px 20px 20px 20px;\nbackground-color:#f0f0f0;\n}\n<\/style>\n<div  class='flex_column av-1u91zg-edf8fead881e015b66830d73a87047c7 av_three_fifth  avia-builder-el-1  el_after_av_slideshow  el_before_av_two_fifth  first flex_column_div  '     ><p>\n<style type=\"text\/css\" data-created_by=\"avia_inline_auto\" id=\"style-css-av-7vyyu-7026eadcb65c831b83d4752e8b1e844a\">\n#top .av-special-heading.av-7vyyu-7026eadcb65c831b83d4752e8b1e844a{\npadding-bottom:10px;\nfont-size:30px;\n}\nbody .av-special-heading.av-7vyyu-7026eadcb65c831b83d4752e8b1e844a .av-special-heading-tag .heading-char{\nfont-size:25px;\n}\n#top #wrap_all .av-special-heading.av-7vyyu-7026eadcb65c831b83d4752e8b1e844a .av-special-heading-tag{\nfont-size:30px;\n}\n.av-special-heading.av-7vyyu-7026eadcb65c831b83d4752e8b1e844a .av-subheading{\nfont-size:15px;\n}\n\n@media only screen and (min-width: 480px) and (max-width: 767px){ \n#top #wrap_all .av-special-heading.av-7vyyu-7026eadcb65c831b83d4752e8b1e844a .av-special-heading-tag{\nfont-size:0.8em;\n}\n}\n\n@media only screen and (max-width: 479px){ \n#top #wrap_all .av-special-heading.av-7vyyu-7026eadcb65c831b83d4752e8b1e844a .av-special-heading-tag{\nfont-size:0.8em;\n}\n}\n<\/style>\n<div  class='av-special-heading av-7vyyu-7026eadcb65c831b83d4752e8b1e844a av-special-heading-h4 blockquote modern-quote  avia-builder-el-2  el_before_av_contact  avia-builder-el-first  av-inherit-size'><h4 class='av-special-heading-tag '  itemprop=\"headline\"  >Contact us<\/h4><div class=\"special-heading-border\"><div class=\"special-heading-inner-border\"><\/div><\/div><\/div><br \/>\n<form action=\"https:\/\/www.cerona.de\/en\/contact\/\" method=\"post\" data-fields-with-error=\"Found errors in the following field(s):\" class=\"avia_ajax_form av-form-labels-visible   avia-builder-el-3  el_after_av_heading  avia-builder-el-last  av-show-form-errors   \" data-avia-form-id=\"1\" data-avia-redirect='' ><fieldset><p class='  first_form  form_element form_fullwidth' id='element_avia_1_1'><label for=\"avia_1_1\">Name <abbr class=\"required\" title=\"required\">*<\/abbr><\/label> <input name=\"avia_1_1\" class=\"text_input is_empty\" type=\"text\" id=\"avia_1_1\" value=\"\" \/><\/p><p class='  first_form  form_element form_fullwidth' id='element_avia_2_1'><label for=\"avia_2_1\">E-Mail <abbr class=\"required\" title=\"required\">*<\/abbr><\/label> <input name=\"avia_2_1\" class=\"text_input is_email\" type=\"text\" id=\"avia_2_1\" value=\"\" \/><\/p><p class='  first_form  form_element form_fullwidth' id='element_avia_3_1'><label for=\"avia_3_1\">Reference <abbr class=\"required\" title=\"required\">*<\/abbr><\/label> <input name=\"avia_3_1\" class=\"text_input is_empty\" type=\"text\" id=\"avia_3_1\" value=\"\" \/><\/p><p class='  first_form  form_element form_fullwidth' id='element_avia_4_1'><label for=\"avia_4_1\" class=\"textare_label hidden textare_label_avia_4_1\">Message <abbr class=\"required\" title=\"required\">*<\/abbr><\/label><textarea  name=\"avia_4_1\" class=\"text_area is_empty\" cols=\"40\" rows=\"7\" id=\"avia_4_1\" ><\/textarea><\/p><p class=\"hidden\"><input type=\"text\" name=\"avia_5_1\" class=\"hidden \" id=\"avia_5_1\" value=\"\" \/><\/p><p class='   form_element form_fullwidth av-last-visible-form-element' id='element_avia_6_1'><span class='value_verifier_label'>2 + 2 = ?<\/span><input name=\"avia_6_1_verifier\" type=\"hidden\" id=\"avia_6_1_verifier\" value=\"841454315\"\/><label for=\"avia_6_1\">Please prove that you are human by solving the equation <abbr class=\"required\" title=\"required\">*<\/abbr><\/label><input name=\"avia_6_1\" class=\"text_input captcha\" type=\"text\" id=\"avia_6_1\" value=\"\"\/><\/p><p class=' av_form_privacy_check av_contact_privacy_check first_form  form_element form_fullwidth' id='element_avia_7_1'><input  name=\"avia_7_1\" class=\"input_checkbox is_empty\" type=\"checkbox\" id=\"avia_7_1\" value=\"true\"\/><label class=\"input_checkbox_label\" for=\"avia_7_1\">I agree with the <a href='https:\/\/www.cerona.de\/datenschutz\/' target='_blank'>privacy policy<\/a>! <abbr class=\"required\" title=\"required\">*<\/abbr><\/label><\/p><p class=\"form_element \"><input type=\"hidden\" value=\"1\" name=\"avia_generated_form1\" \/><input type=\"submit\" value=\"Send\" class=\"button\"  data-sending-label=\"Sending\"\/><\/p><\/fieldset><\/form><div id=\"ajaxresponse_1\" class=\"ajaxresponse ajaxresponse_1 hidden\"><\/div><\/p><\/div>\n<style type=\"text\/css\" data-created_by=\"avia_inline_auto\" id=\"style-css-av-3gm7o-78319709bce50b4faa5a19298c544170\">\n.flex_column.av-3gm7o-78319709bce50b4faa5a19298c544170{\nborder-radius:0px 0px 0px 0px;\npadding:0 0 0 0;\n}\n<\/style>\n<div  class='flex_column av-3gm7o-78319709bce50b4faa5a19298c544170 av_two_fifth  avia-builder-el-4  el_after_av_three_fifth  avia-builder-el-last  flex_column_div  '     ><p>\n<style type=\"text\/css\" data-created_by=\"avia_inline_auto\" id=\"style-css-av-e8x92-63f02bc376a798bc0f111521776041a0\">\n#top .av-special-heading.av-e8x92-63f02bc376a798bc0f111521776041a0{\npadding-bottom:10px;\nfont-size:30px;\n}\nbody .av-special-heading.av-e8x92-63f02bc376a798bc0f111521776041a0 .av-special-heading-tag .heading-char{\nfont-size:25px;\n}\n#top #wrap_all .av-special-heading.av-e8x92-63f02bc376a798bc0f111521776041a0 .av-special-heading-tag{\nfont-size:30px;\n}\n.av-special-heading.av-e8x92-63f02bc376a798bc0f111521776041a0 .av-subheading{\nfont-size:15px;\n}\n\n@media only screen and (min-width: 480px) and (max-width: 767px){ \n#top #wrap_all .av-special-heading.av-e8x92-63f02bc376a798bc0f111521776041a0 .av-special-heading-tag{\nfont-size:0.8em;\n}\n}\n\n@media only screen and (max-width: 479px){ \n#top #wrap_all .av-special-heading.av-e8x92-63f02bc376a798bc0f111521776041a0 .av-special-heading-tag{\nfont-size:0.8em;\n}\n}\n<\/style>\n<div  class='av-special-heading av-e8x92-63f02bc376a798bc0f111521776041a0 av-special-heading-h4 blockquote modern-quote  avia-builder-el-5  el_before_av_textblock  avia-builder-el-first  av-inherit-size'><h4 class='av-special-heading-tag '  itemprop=\"headline\"  >Cerona GmbH<\/h4><div class=\"special-heading-border\"><div class=\"special-heading-inner-border\"><\/div><\/div><\/div><br \/>\n<section  class='av_textblock_section av-pau84-649de8a506082c1af0d266a35b2703f0 '   itemscope=\"itemscope\" itemtype=\"https:\/\/schema.org\/CreativeWork\" ><div class='avia_textblock'  itemprop=\"text\" ><p>Vor dem Gro\u00dfholz 1<br \/>\n72074 T\u00fcbingen<br \/>\nGermany<\/p>\n<p>Phone + 49 (0) 70 71 &#8211; 966 910<br \/>\nFax + 49 (0) 70 71 &#8211; 966 9190<\/p>\n<p>info@cerona.de<br \/>\nwww.cerona.de<\/p>\n<\/div><\/section><br \/>\n\n<style type=\"text\/css\" data-created_by=\"avia_inline_auto\" id=\"style-css-av-kxhvg-224207fba330065a571fb808bf94624f\">\n#top .hr.av-kxhvg-224207fba330065a571fb808bf94624f{\nmargin-top:20px;\nmargin-bottom:20px;\n}\n.hr.av-kxhvg-224207fba330065a571fb808bf94624f .hr-inner{\nwidth:50px;\n}\n<\/style>\n<div  class='hr av-kxhvg-224207fba330065a571fb808bf94624f hr-custom  avia-builder-el-7  el_after_av_textblock  el_before_av_heading  hr-center hr-icon-no'><span class='hr-inner inner-border-av-border-none'><span class=\"hr-inner-style\"><\/span><\/span><\/div><br \/>\n\n<style type=\"text\/css\" data-created_by=\"avia_inline_auto\" id=\"style-css-av-aleom-3384e8bd4e449d88446e8b78acfe2220\">\n#top .av-special-heading.av-aleom-3384e8bd4e449d88446e8b78acfe2220{\npadding-bottom:10px;\n}\nbody .av-special-heading.av-aleom-3384e8bd4e449d88446e8b78acfe2220 .av-special-heading-tag .heading-char{\nfont-size:25px;\n}\n.av-special-heading.av-aleom-3384e8bd4e449d88446e8b78acfe2220 .av-subheading{\nfont-size:15px;\n}\n<\/style>\n<div  class='av-special-heading av-aleom-3384e8bd4e449d88446e8b78acfe2220 av-special-heading-h5 blockquote modern-quote  avia-builder-el-8  el_after_av_hr  el_before_av_sidebar '><h5 class='av-special-heading-tag '  itemprop=\"headline\"  >Your way to us<\/h5><div class=\"special-heading-border\"><div class=\"special-heading-inner-border\"><\/div><\/div><\/div><br \/>\n<div  class='avia-builder-widget-area clearfix  avia-builder-el-9  el_after_av_heading  avia-builder-el-last '><div id=\"avia_google_maps-2\" class=\"widget clearfix avia-widget-container avia_google_maps avia_no_block_preview\"><div class=\"avia-preview-headline\">Enfold Child Google Maps Widget<\/div><div class=\"avia-preview-info\">Title: <\/div><div class=\"avia-preview-info\">Address: Vor dem Gro\u00dfholz 1, 72074, T\u00fcbingen, Baden-W\u00fcrttemberg, Deutschland<\/div><div class=\"avia-preview-in-front\">Map is only rendered in frontend.<\/div><\/div><\/div><\/p><\/div><\/p>\n","protected":false},"excerpt":{"rendered":"","protected":false},"author":1,"featured_media":0,"parent":0,"menu_order":0,"comment_status":"closed","ping_status":"closed","template":"","meta":{"footnotes":""},"class_list":["post-966","page","type-page","status-publish","hentry"],"_links":{"self":[{"href":"https:\/\/www.cerona.de\/en\/wp-json\/wp\/v2\/pages\/966","targetHints":{"allow":["GET"]}}],"collection":[{"href":"https:\/\/www.cerona.de\/en\/wp-json\/wp\/v2\/pages"}],"about":[{"href":"https:\/\/www.cerona.de\/en\/wp-json\/wp\/v2\/types\/page"}],"author":[{"embeddable":true,"href":"https:\/\/www.cerona.de\/en\/wp-json\/wp\/v2\/users\/1"}],"replies":[{"embeddable":true,"href":"https:\/\/www.cerona.de\/en\/wp-json\/wp\/v2\/comments?post=966"}],"version-history":[{"count":5,"href":"https:\/\/www.cerona.de\/en\/wp-json\/wp\/v2\/pages\/966\/revisions"}],"predecessor-version":[{"id":2184,"href":"https:\/\/www.cerona.de\/en\/wp-json\/wp\/v2\/pages\/966\/revisions\/2184"}],"wp:attachment":[{"href":"https:\/\/www.cerona.de\/en\/wp-json\/wp\/v2\/media?parent=966"}],"curies":[{"name":"wp","href":"https:\/\/api.w.org\/{rel}","templated":true}]}}